{"id":7,"date":"2021-07-27T15:45:09","date_gmt":"2021-07-27T18:45:09","guid":{"rendered":"https:\/\/melos.com.ar\/javierweintraub\/?page_id=7"},"modified":"2022-02-18T18:30:22","modified_gmt":"2022-02-18T21:30:22","slug":"inicio","status":"publish","type":"page","link":"https:\/\/melos.com.ar\/javierweintraub\/en\/","title":{"rendered":"HOME"},"content":{"rendered":"<p>[et_pb_section fb_built=&#8221;1&#8243; admin_label=&#8221;Header&#8221; _builder_version=&#8221;4.9.10&#8243; background_image=&#8221;https:\/\/melos.com.ar\/javierweintraub\/wp-content\/uploads\/2021\/07\/banner.webp&#8221; max_width=&#8221;100%&#8221; custom_padding=&#8221;8vw||8vw||true|false&#8221; box_shadow_style=&#8221;preset4&#8243; box_shadow_horizontal=&#8221;30vw&#8221; box_shadow_vertical=&#8221;-15vw&#8221; box_shadow_color=&#8221;#2e444e&#8221;][et_pb_row _builder_version=&#8221;4.9.10&#8243; width=&#8221;90%&#8221; max_width=&#8221;none&#8221; module_alignment=&#8221;center&#8221; locked=&#8221;off&#8221;][et_pb_column type=&#8221;4_4&#8243; _builder_version=&#8221;4.0.9&#8243;][et_pb_text _builder_version=&#8221;4.9.10&#8243; header_font=&#8221;Playfair Display|700|||||||&#8221; header_text_color=&#8221;#FFFFFF&#8221; header_font_size=&#8221;47px&#8221; header_line_height=&#8221;1.2em&#8221; header_2_font=&#8221;Playfair Display|700|||||||&#8221; header_2_font_size=&#8221;20px&#8221; header_2_line_height=&#8221;1.2em&#8221; text_orientation=&#8221;center&#8221; header_font_size_tablet=&#8221;80px&#8221; header_font_size_phone=&#8221;40px&#8221; header_font_size_last_edited=&#8221;on|phone&#8221; header_text_shadow_style=&#8221;preset1&#8243; locked=&#8221;off&#8221;]<\/p>\n<h1><span>El primer <\/span><span>curso en l\u00ednea de viol\u00edn para tango<\/span><\/h1>\n<p>[\/et_pb_text][et_pb_button button_text=&#8221;ver partituras&#8221; button_alignment=&#8221;center&#8221; _builder_version=&#8221;4.9.10&#8243; custom_button=&#8221;on&#8221; button_text_size=&#8221;12px&#8221; button_text_color=&#8221;#ffffff&#8221; button_bg_color=&#8221;#fd8c03&#8243; button_bg_color_gradient_start=&#8221;#ffcfaa&#8221; button_bg_color_gradient_end=&#8221;#fa6eb9&#8243; button_bg_color_gradient_direction=&#8221;89deg&#8221; button_border_width=&#8221;0px&#8221; button_border_radius=&#8221;100px&#8221; button_letter_spacing=&#8221;4px&#8221; button_font=&#8221;|700||on|||||&#8221; custom_padding=&#8221;20px||20px||true|false&#8221; box_shadow_style=&#8221;preset3&#8243; box_shadow_vertical=&#8221;10px&#8221; box_shadow_blur=&#8221;20px&#8221; box_shadow_spread=&#8221;0px&#8221; box_shadow_color=&#8221;rgba(253,140,3,0.5)&#8221; locked=&#8221;off&#8221;][\/et_pb_button][\/et_pb_column][\/et_pb_row][\/et_pb_section][et_pb_section fb_built=&#8221;1&#8243; custom_padding_last_edited=&#8221;on|desktop&#8221; admin_label=&#8221;About&#8221; _builder_version=&#8221;4.9.10&#8243; background_color_gradient_direction=&#8221;90deg&#8221; background_enable_image=&#8221;off&#8221; background_size=&#8221;initial&#8221; background_position=&#8221;bottom_center&#8221; custom_padding=&#8221;0px||0px||false|false&#8221; custom_padding_tablet=&#8221;||||true&#8221; custom_padding_phone=&#8221;&#8221; background_last_edited=&#8221;off|desktop&#8221; background_color_gradient_start_position_tablet=&#8221;7%&#8221; background_color_gradient_start_position_phone=&#8221;5%&#8221; background_color_gradient_end_position_tablet=&#8221;7%&#8221; background_color_gradient_end_position_phone=&#8221;5%&#8221; background_enable_image_tablet=&#8221;off&#8221; box_shadow_horizontal_tablet=&#8221;0px&#8221; box_shadow_horizontal_phone=&#8221;&#8221; box_shadow_horizontal_last_edited=&#8221;on|desktop&#8221;][et_pb_row make_equal=&#8221;on&#8221; _builder_version=&#8221;4.9.10&#8243; max_width=&#8221;1200px&#8221; custom_padding=&#8221;0px||0px|30px|true|false&#8221; box_shadow_style=&#8221;preset4&#8243; box_shadow_horizontal=&#8221;-30vw&#8221; box_shadow_vertical=&#8221;0px&#8221; box_shadow_color=&#8221;#e1cca5&#8243; box_shadow_horizontal_tablet=&#8221;0px&#8221; box_shadow_horizontal_phone=&#8221;&#8221; box_shadow_horizontal_last_edited=&#8221;on|tablet&#8221;][et_pb_column type=&#8221;4_4&#8243; _builder_version=&#8221;4.1&#8243;][et_pb_text _builder_version=&#8221;4.1&#8243; text_font_size=&#8221;16px&#8221; text_line_height=&#8221;2em&#8221; header_font=&#8221;||||||||&#8221; header_3_font=&#8221;Playfair Display|700|||||||&#8221; header_3_font_size=&#8221;50px&#8221; header_3_line_height=&#8221;1.2em&#8221; custom_margin=&#8221;32px|||||&#8221; custom_padding=&#8221;||31px|||&#8221; text_font_size_tablet=&#8221;&#8221; text_font_size_phone=&#8221;16px&#8221; text_font_size_last_edited=&#8221;on|phone&#8221; header_3_font_size_tablet=&#8221;40px&#8221; header_3_font_size_phone=&#8221;30px&#8221; header_3_font_size_last_edited=&#8221;on|phone&#8221; locked=&#8221;off&#8221;]<\/p>\n<p><span style=\"font-weight: 400;\">iClassical Academy presenta el primer <\/span><b>Online Violin for Tango Master Course<\/b><span style=\"font-weight: 400;\"> para celebrar el centenario de Piazzolla. Una creaci\u00f3n de ESTACION BUENOS AIRES, este curso tiene como objetivo cubrir un panorama completo de los antecedentes y la historia del tango y sus compositores, la t\u00e9cnica de ejecuci\u00f3n, incluyendo ejercicios y ejemplos. Las presentaciones y lecciones se grabaron en noviembre de 2020 en Buenos Aires.<\/span><\/p>\n<p>[\/et_pb_text][\/et_pb_column][\/et_pb_row][\/et_pb_section][et_pb_section fb_built=&#8221;1&#8243; admin_label=&#8221;Services&#8221; module_id=&#8221;partituras&#8221; _builder_version=&#8221;4.9.10&#8243; locked=&#8221;off&#8221;][et_pb_row _builder_version=&#8221;4.0.9&#8243;][et_pb_column type=&#8221;4_4&#8243; _builder_version=&#8221;4.0.9&#8243;][et_pb_text _builder_version=&#8221;4.1&#8243; text_font_size=&#8221;16px&#8221; text_line_height=&#8221;2em&#8221; header_font=&#8221;||||||||&#8221; header_3_font=&#8221;Playfair Display|700|||||||&#8221; header_3_font_size=&#8221;50px&#8221; header_3_line_height=&#8221;1.2em&#8221; max_width=&#8221;800px&#8221; header_3_font_size_tablet=&#8221;40px&#8221; header_3_font_size_phone=&#8221;30px&#8221; header_3_font_size_last_edited=&#8221;on|phone&#8221; locked=&#8221;off&#8221;]<\/p>\n<h3>Partituras Descargables<\/h3>\n<p><span style=\"font-weight: 400;\">Descargue aqu\u00ed las partituras de las obras pertenecientes al curso con arreglos para viol\u00edn de Javier Weintraub, uno de los violinistas de Estaci\u00f3n Buenos Aires.<\/span><\/p>\n<p>[\/et_pb_text][et_pb_shop posts_number=&#8221;25&#8243; orderby=&#8221;date&#8221; _builder_version=&#8221;4.9.10&#8243; _module_preset=&#8221;default&#8221; title_text_align=&#8221;center&#8221; price_font=&#8221;|600|||||||&#8221; price_text_align=&#8221;center&#8221;][\/et_pb_shop][\/et_pb_column][\/et_pb_row][\/et_pb_section][et_pb_section fb_built=&#8221;1&#8243; custom_padding_last_edited=&#8221;on|phone&#8221; admin_label=&#8221;How It Works&#8221; _builder_version=&#8221;4.9.10&#8243; background_enable_image=&#8221;off&#8221; background_size=&#8221;initial&#8221; custom_padding=&#8221;||||true&#8221; custom_padding_tablet=&#8221;0px||0px||true|false&#8221; custom_padding_phone=&#8221;&#8221; background_last_edited=&#8221;off|desktop&#8221; background_enable_image_tablet=&#8221;off&#8221;][et_pb_row _builder_version=&#8221;4.0.9&#8243; locked=&#8221;off&#8221;][et_pb_column type=&#8221;4_4&#8243; _builder_version=&#8221;4.0.9&#8243;][et_pb_text _builder_version=&#8221;4.9.10&#8243; text_font_size=&#8221;16px&#8221; text_line_height=&#8221;2em&#8221; header_font=&#8221;||||||||&#8221; header_3_font=&#8221;Playfair Display|700|||||||&#8221; header_3_font_size=&#8221;50px&#8221; header_3_line_height=&#8221;1.2em&#8221; text_orientation=&#8221;center&#8221; max_width=&#8221;800px&#8221; max_width_last_edited=&#8221;off|phone&#8221; module_alignment=&#8221;center&#8221; text_font_size_tablet=&#8221;&#8221; text_font_size_phone=&#8221;16px&#8221; text_font_size_last_edited=&#8221;on|phone&#8221; header_3_font_size_tablet=&#8221;40px&#8221; header_3_font_size_phone=&#8221;30px&#8221; header_3_font_size_last_edited=&#8221;on|phone&#8221; locked=&#8221;off&#8221;]<\/p>\n<h3>\u00bfC\u00f3mo comprar?<\/h3>\n<p>[\/et_pb_text][\/et_pb_column][\/et_pb_row][et_pb_row column_structure=&#8221;1_3,1_3,1_3&#8243; _builder_version=&#8221;4.0.10&#8243; background_enable_image=&#8221;off&#8221; background_size=&#8221;contain&#8221; custom_padding=&#8221;0px|||||&#8221;][et_pb_column type=&#8221;1_3&#8243; _builder_version=&#8221;4.0.9&#8243;][et_pb_text _builder_version=&#8221;4.0.9&#8243; text_font=&#8221;Playfair Display|700|||||||&#8221; text_text_color=&#8221;#eaeced&#8221; text_font_size=&#8221;200px&#8221; text_line_height=&#8221;1em&#8221; text_font_size_tablet=&#8221;150px&#8221; text_font_size_phone=&#8221;100px&#8221; text_font_size_last_edited=&#8221;on|phone&#8221; locked=&#8221;off&#8221;]<\/p>\n<p>1<\/p>\n<p>[\/et_pb_text][et_pb_text _builder_version=&#8221;4.9.10&#8243; text_line_height=&#8221;2em&#8221; header_font=&#8221;||||||||&#8221; header_4_font=&#8221;Playfair Display|700|||||||&#8221; header_4_font_size=&#8221;24px&#8221; header_4_line_height=&#8221;1.2em&#8221; max_width=&#8221;800px&#8221; header_4_font_size_tablet=&#8221;22px&#8221; header_4_font_size_phone=&#8221;20px&#8221; header_4_font_size_last_edited=&#8221;on|phone&#8221; locked=&#8221;off&#8221;]<\/p>\n<h4>Eleg\u00ed<\/h4>\n<p>Seleccion\u00e1 la partitura que desees adquirir<\/p>\n<p>[\/et_pb_text][\/et_pb_column][et_pb_column type=&#8221;1_3&#8243; _builder_version=&#8221;4.0.9&#8243;][et_pb_text _builder_version=&#8221;4.0.10&#8243; text_font=&#8221;Playfair Display|700|||||||&#8221; text_text_color=&#8221;#abb4b8&#8243; text_font_size=&#8221;200px&#8221; text_line_height=&#8221;1em&#8221; text_font_size_tablet=&#8221;150px&#8221; text_font_size_phone=&#8221;100px&#8221; text_font_size_last_edited=&#8221;on|phone&#8221; locked=&#8221;off&#8221;]<\/p>\n<p>2<\/p>\n<p>[\/et_pb_text][et_pb_text _builder_version=&#8221;4.9.10&#8243; text_line_height=&#8221;2em&#8221; header_font=&#8221;||||||||&#8221; header_4_font=&#8221;Playfair Display|700|||||||&#8221; header_4_font_size=&#8221;24px&#8221; header_4_line_height=&#8221;1.2em&#8221; max_width=&#8221;800px&#8221; header_4_font_size_tablet=&#8221;22px&#8221; header_4_font_size_phone=&#8221;20px&#8221; header_4_font_size_last_edited=&#8221;on|phone&#8221; locked=&#8221;off&#8221;]<\/p>\n<h4>Pago<\/h4>\n<p>Continu\u00e1 los pasos en el carrito y compr\u00e1 tu partitura<\/p>\n<p>[\/et_pb_text][\/et_pb_column][et_pb_column type=&#8221;1_3&#8243; _builder_version=&#8221;4.0.9&#8243;][et_pb_text _builder_version=&#8221;4.0.9&#8243; text_font=&#8221;Playfair Display|700|||||||&#8221; text_text_color=&#8221;#fd8c03&#8243; text_font_size=&#8221;200px&#8221; text_line_height=&#8221;1em&#8221; text_font_size_tablet=&#8221;150px&#8221; text_font_size_phone=&#8221;100px&#8221; text_font_size_last_edited=&#8221;on|phone&#8221; locked=&#8221;off&#8221;]<\/p>\n<p>3<\/p>\n<p>[\/et_pb_text][et_pb_text _builder_version=&#8221;4.9.10&#8243; text_line_height=&#8221;2em&#8221; header_font=&#8221;||||||||&#8221; header_4_font=&#8221;Playfair Display|700|||||||&#8221; header_4_font_size=&#8221;24px&#8221; header_4_line_height=&#8221;1.2em&#8221; max_width=&#8221;800px&#8221; header_4_font_size_tablet=&#8221;22px&#8221; header_4_font_size_phone=&#8221;20px&#8221; header_4_font_size_last_edited=&#8221;on|phone&#8221; locked=&#8221;off&#8221;]<\/p>\n<h4>Disfrut\u00e1!<\/h4>\n<p>Descarg\u00e1 el PDF de la partitura y disfrutalo!<\/p>\n<p>[\/et_pb_text][\/et_pb_column][\/et_pb_row][\/et_pb_section][et_pb_section fb_built=&#8221;1&#8243; custom_padding_last_edited=&#8221;off|tablet&#8221; admin_label=&#8221;Features&#8221; _builder_version=&#8221;4.1&#8243; overflow-x=&#8221;hidden&#8221; overflow-y=&#8221;hidden&#8221; custom_padding=&#8221;||||false&#8221; custom_padding_tablet=&#8221;0px||0px||false|false&#8221;][et_pb_row column_structure=&#8221;1_2,1_2&#8243; make_equal=&#8221;on&#8221; _builder_version=&#8221;4.1&#8243; max_width=&#8221;1200px&#8221; custom_padding=&#8221;0px||||false|false&#8221; box_shadow_style=&#8221;preset4&#8243; box_shadow_horizontal=&#8221;30vw&#8221; box_shadow_vertical=&#8221;0px&#8221; box_shadow_color=&#8221;#e1cca5&#8243; box_shadow_horizontal_tablet=&#8221;0px&#8221; box_shadow_horizontal_phone=&#8221;&#8221; box_shadow_horizontal_last_edited=&#8221;on|phone&#8221;][et_pb_column type=&#8221;1_2&#8243; _builder_version=&#8221;4.0.9&#8243;][et_pb_text _builder_version=&#8221;4.9.10&#8243; text_font_size=&#8221;16px&#8221; text_line_height=&#8221;2em&#8221; header_font=&#8221;||||||||&#8221; header_3_font=&#8221;Playfair Display|700|||||||&#8221; header_3_font_size=&#8221;50px&#8221; header_3_line_height=&#8221;1.2em&#8221; max_width=&#8221;800px&#8221; max_width_last_edited=&#8221;off|phone&#8221; text_font_size_phone=&#8221;16px&#8221; text_font_size_last_edited=&#8221;off|desktop&#8221; header_3_font_size_tablet=&#8221;40px&#8221; header_3_font_size_phone=&#8221;30px&#8221; header_3_font_size_last_edited=&#8221;on|phone&#8221; locked=&#8221;off&#8221;]<\/p>\n<h3>Sobre Javier Weintraub<\/h3>\n<p><span style=\"font-weight: 400;\">Primer viol\u00edn en la Orquesta Nacional de Argentina, autor de \u201cEstudios y Caprichos tangueros\u201d m\u00e9todo de Tango que contiene 24 estudios progresivos para viol\u00edn solo, basados \u200b\u200ben tangos tradicionales y nuevos, editado por Melos Ediciones Musicales.<\/span><\/p>\n<p>[\/et_pb_text][\/et_pb_column][et_pb_column type=&#8221;1_2&#8243; _builder_version=&#8221;4.0.9&#8243;][et_pb_image src=&#8221;https:\/\/melos.com.ar\/javierweintraub\/wp-content\/uploads\/2021\/07\/Violin-for-Tango-Javier-Weintraub-iClassical-Violin.jpg&#8221; title_text=&#8221;Violin for Tango Javier Weintraub iClassical Viol\u00edn&#8221; show_bottom_space=&#8221;off&#8221; _builder_version=&#8221;4.9.10&#8243; box_shadow_style=&#8221;preset4&#8243; box_shadow_horizontal=&#8221;20vw&#8221; box_shadow_vertical=&#8221;25vw&#8221; box_shadow_color=&#8221;#2e444e&#8221;][\/et_pb_image][\/et_pb_column][\/et_pb_row][\/et_pb_section][et_pb_section fb_built=&#8221;1&#8243; custom_padding_last_edited=&#8221;off|tablet&#8221; admin_label=&#8221;Features&#8221; _builder_version=&#8221;4.9.10&#8243; overflow-x=&#8221;hidden&#8221; overflow-y=&#8221;hidden&#8221; custom_padding=&#8221;||||false&#8221; custom_padding_tablet=&#8221;0px||0px||false|false&#8221;][et_pb_row column_structure=&#8221;1_2,1_2&#8243; make_equal=&#8221;on&#8221; _builder_version=&#8221;4.9.10&#8243; background_color=&#8221;#FFFFFF&#8221; max_width=&#8221;1200px&#8221; custom_padding=&#8221;0px||||false|false&#8221; box_shadow_style=&#8221;preset4&#8243; box_shadow_horizontal=&#8221;30vw&#8221; box_shadow_vertical=&#8221;0px&#8221; box_shadow_color=&#8221;#e1cca5&#8243; box_shadow_horizontal_tablet=&#8221;0px&#8221; box_shadow_horizontal_phone=&#8221;&#8221; box_shadow_horizontal_last_edited=&#8221;on|phone&#8221;][et_pb_column type=&#8221;1_2&#8243; _builder_version=&#8221;4.9.10&#8243;][et_pb_image src=&#8221;https:\/\/melos.com.ar\/javierweintraub\/wp-content\/uploads\/2021\/07\/tango.png&#8221; title_text=&#8221;tango&#8221; show_bottom_space=&#8221;off&#8221; _builder_version=&#8221;4.9.10&#8243; box_shadow_style=&#8221;preset4&#8243; box_shadow_horizontal=&#8221;20vw&#8221; box_shadow_vertical=&#8221;25vw&#8221; box_shadow_color=&#8221;#2e444e&#8221;][\/et_pb_image][\/et_pb_column][et_pb_column type=&#8221;1_2&#8243; _builder_version=&#8221;4.9.10&#8243; background_color=&#8221;#FFFFFF&#8221;][et_pb_text _builder_version=&#8221;4.9.10&#8243; text_font_size=&#8221;16px&#8221; text_line_height=&#8221;2em&#8221; header_font=&#8221;||||||||&#8221; header_3_font=&#8221;Playfair Display|700|||||||&#8221; header_3_font_size=&#8221;50px&#8221; header_3_line_height=&#8221;1.2em&#8221; background_color=&#8221;#FFFFFF&#8221; max_width=&#8221;800px&#8221; max_width_last_edited=&#8221;off|phone&#8221; custom_padding=&#8221;|20px||20px|false|true&#8221; text_font_size_phone=&#8221;16px&#8221; text_font_size_last_edited=&#8221;off|desktop&#8221; header_3_font_size_tablet=&#8221;40px&#8221; header_3_font_size_phone=&#8221;30px&#8221; header_3_font_size_last_edited=&#8221;on|phone&#8221; locked=&#8221;off&#8221;]<\/p>\n<h3>Contenido del M\u00e1ster Course<\/h3>\n<p><span style=\"font-weight: 400;\">El M\u00e1ster Course se realiza \u00edntegramente en idioma espa\u00f1ol con subt\u00edtulos en ingl\u00e9s, ilustrando los lineamientos b\u00e1sicos de la ejecuci\u00f3n t\u00e9cnica del tango en el viol\u00edn e incluyendo ejercicios en viol\u00edn s\u00f3lo para t\u00e9cnicas de tango. Las lecciones incluyen la historia del Tango, su desarrollo, y brindan interpretaciones del repertorio fundamental, a partir de los conjuntos t\u00edpicos y su cronolog\u00eda, gracias a la participacion de los artistas m\u00e1s relevantes del panorama tanguero actual en Buenos Aires, incluyendo un pareja de baile.<\/span><\/p>\n<p><a href=\"https:\/\/iclassical-academy.com\/violin-tango-piazzolla\/\"><span style=\"font-weight: 400;\">https:\/\/iclassical-academy.com\/violin-tango-piazzolla\/<\/span><\/a><span style=\"font-weight: 400;\">\u00a0<\/span><\/p>\n<p><span style=\"font-weight: 400;\">Contact: <\/span><a href=\"mailto:meira@iclassical-academy.com\"><span style=\"font-weight: 400;\">meira@iclassical-academy.com<\/span><\/a><\/p>\n<p><span style=\"font-weight: 400;\">Trailer: <a href=\"https:\/\/vimeo.com\/510287840\">https:\/\/vimeo.com\/510287840<\/a><\/span><\/p>\n<p>[\/et_pb_text][\/et_pb_column][\/et_pb_row][\/et_pb_section][et_pb_section fb_built=&#8221;1&#8243; custom_padding_last_edited=&#8221;off|tablet&#8221; admin_label=&#8221;Features&#8221; _builder_version=&#8221;4.1&#8243; overflow-x=&#8221;hidden&#8221; overflow-y=&#8221;hidden&#8221; custom_padding=&#8221;||||false&#8221; custom_padding_tablet=&#8221;0px||0px||false|false&#8221;][et_pb_row column_structure=&#8221;1_2,1_2&#8243; make_equal=&#8221;on&#8221; _builder_version=&#8221;4.1&#8243; max_width=&#8221;1200px&#8221; custom_padding=&#8221;0px||||false|false&#8221; box_shadow_style=&#8221;preset4&#8243; box_shadow_horizontal=&#8221;30vw&#8221; box_shadow_vertical=&#8221;0px&#8221; box_shadow_color=&#8221;#e1cca5&#8243; box_shadow_horizontal_tablet=&#8221;0px&#8221; box_shadow_horizontal_phone=&#8221;&#8221; box_shadow_horizontal_last_edited=&#8221;on|phone&#8221;][et_pb_column type=&#8221;1_2&#8243; _builder_version=&#8221;4.0.9&#8243;][et_pb_text _builder_version=&#8221;4.9.10&#8243; text_font_size=&#8221;16px&#8221; text_line_height=&#8221;2em&#8221; header_font=&#8221;||||||||&#8221; header_3_font=&#8221;Playfair Display|700|||||||&#8221; header_3_font_size=&#8221;50px&#8221; header_3_line_height=&#8221;1.2em&#8221; max_width=&#8221;800px&#8221; max_width_last_edited=&#8221;off|phone&#8221; text_font_size_phone=&#8221;16px&#8221; text_font_size_last_edited=&#8221;off|desktop&#8221; header_3_font_size_tablet=&#8221;40px&#8221; header_3_font_size_phone=&#8221;30px&#8221; header_3_font_size_last_edited=&#8221;on|phone&#8221; locked=&#8221;off&#8221;]<\/p>\n<h3>Estaci\u00f3n Buenos Aires<\/h3>\n<p><span style=\"font-weight: 400;\">Estaci\u00f3n Buenos Aires es un proyecto musical desarrollado por Gabriela Olcese y Rafael Gintoli, su directora y solista. Ellos, junto a destacados artistas argentinos, proponen programas tem\u00e1ticos que se distinguen por su originalidad. El <\/span><b>Violin for Tango Master Course<\/b><span style=\"font-weight: 400;\"> fue grabado con motivo del Centenario de Piazzolla en el Teatro San Mart\u00edn de Buenos Aires.<\/span><span style=\"font-weight: 400;\"><a href=\"https:\/\/vimeo.com\/510287840\"><\/a><\/span><\/p>\n<p>[\/et_pb_text][\/et_pb_column][et_pb_column type=&#8221;1_2&#8243; _builder_version=&#8221;4.0.9&#8243;][et_pb_image src=&#8221;https:\/\/melos.com.ar\/javierweintraub\/wp-content\/uploads\/2021\/07\/violin2.png&#8221; title_text=&#8221;violin2&#8243; show_bottom_space=&#8221;off&#8221; _builder_version=&#8221;4.9.10&#8243; box_shadow_style=&#8221;preset4&#8243; box_shadow_horizontal=&#8221;20vw&#8221; box_shadow_vertical=&#8221;25vw&#8221; box_shadow_color=&#8221;#2e444e&#8221;][\/et_pb_image][\/et_pb_column][\/et_pb_row][\/et_pb_section][et_pb_section fb_built=&#8221;1&#8243; _builder_version=&#8221;4.9.10&#8243; _module_preset=&#8221;default&#8221; hover_enabled=&#8221;0&#8243; module_id=&#8221;contacto1&#8243; sticky_enabled=&#8221;0&#8243;][et_pb_row column_structure=&#8221;1_3,1_3,1_3&#8243; _builder_version=&#8221;4.9.10&#8243; _module_preset=&#8221;default&#8221; custom_padding=&#8221;27px|||||&#8221;][et_pb_column type=&#8221;1_3&#8243; _builder_version=&#8221;4.9.10&#8243; _module_preset=&#8221;default&#8221;][et_pb_blurb use_icon=&#8221;on&#8221; font_icon=&#8221;%%109%%&#8221; icon_color=&#8221;#FFFFFF&#8221; use_circle=&#8221;on&#8221; circle_color=&#8221;#000000&#8243; _builder_version=&#8221;4.9.10&#8243; _module_preset=&#8221;default&#8221;]<\/p>\n<p data-pm-slice=\"1 1 []\" style=\"text-align: center;\"><a href=\"mailto:javierweintraub@gmail.com\" class=\"ProsemirrorEditor-link\">javierweintraub@gmail.com<\/a><\/p>\n<p>[\/et_pb_blurb][\/et_pb_column][et_pb_column type=&#8221;1_3&#8243; _builder_version=&#8221;4.9.10&#8243; _module_preset=&#8221;default&#8221;][et_pb_blurb use_icon=&#8221;on&#8221; font_icon=&#8221;%%344%%&#8221; icon_color=&#8221;#FFFFFF&#8221; use_circle=&#8221;on&#8221; circle_color=&#8221;#000000&#8243; _builder_version=&#8221;4.9.10&#8243; _module_preset=&#8221;default&#8221;]<\/p>\n<p style=\"text-align: center;\"><a href=\"https:\/\/www.instagram.com\/javier.weintraub\/\" target=\"_blank\" rel=\"noopener\">@javier.weintraub<\/a><\/p>\n<p>[\/et_pb_blurb][\/et_pb_column][et_pb_column type=&#8221;1_3&#8243; _builder_version=&#8221;4.9.10&#8243; _module_preset=&#8221;default&#8221;][et_pb_blurb use_icon=&#8221;on&#8221; font_icon=&#8221;%%291%%&#8221; icon_color=&#8221;#FFFFFF&#8221; use_circle=&#8221;on&#8221; circle_color=&#8221;#000000&#8243; _builder_version=&#8221;4.9.10&#8243; _module_preset=&#8221;default&#8221;]<\/p>\n<p style=\"text-align: center;\"><a href=\"https:\/\/www.facebook.com\/javierweintraub1\" target=\"_blank\" rel=\"noopener\">\/javierweintraub1<\/a><\/p>\n<p>[\/et_pb_blurb][\/et_pb_column][\/et_pb_row][\/et_pb_section]<\/p>\n","protected":false},"excerpt":{"rendered":"<p>El primer curso en l\u00ednea de viol\u00edn para tangoiClassical Academy presenta el primer Online Violin for Tango Master Course para celebrar el centenario de Piazzolla. Una creaci\u00f3n de ESTACION BUENOS AIRES, este curso tiene como objetivo cubrir un panorama completo de los antecedentes y la historia del tango y sus compositores, la t\u00e9cnica de ejecuci\u00f3n, [&hellip;]<\/p>\n","protected":false},"author":1,"featured_media":0,"parent":0,"menu_order":0,"comment_status":"closed","ping_status":"closed","template":"","meta":{"_et_pb_use_builder":"on","_et_pb_old_content":"","_et_gb_content_width":"","footnotes":""},"class_list":["post-7","page","type-page","status-publish","hentry"],"_links":{"self":[{"href":"https:\/\/melos.com.ar\/javierweintraub\/en\/wp-json\/wp\/v2\/pages\/7","targetHints":{"allow":["GET"]}}],"collection":[{"href":"https:\/\/melos.com.ar\/javierweintraub\/en\/wp-json\/wp\/v2\/pages"}],"about":[{"href":"https:\/\/melos.com.ar\/javierweintraub\/en\/wp-json\/wp\/v2\/types\/page"}],"author":[{"embeddable":true,"href":"https:\/\/melos.com.ar\/javierweintraub\/en\/wp-json\/wp\/v2\/users\/1"}],"replies":[{"embeddable":true,"href":"https:\/\/melos.com.ar\/javierweintraub\/en\/wp-json\/wp\/v2\/comments?post=7"}],"version-history":[{"count":8,"href":"https:\/\/melos.com.ar\/javierweintraub\/en\/wp-json\/wp\/v2\/pages\/7\/revisions"}],"predecessor-version":[{"id":146,"href":"https:\/\/melos.com.ar\/javierweintraub\/en\/wp-json\/wp\/v2\/pages\/7\/revisions\/146"}],"wp:attachment":[{"href":"https:\/\/melos.com.ar\/javierweintraub\/en\/wp-json\/wp\/v2\/media?parent=7"}],"curies":[{"name":"wp","href":"https:\/\/api.w.org\/{rel}","templated":true}]}}